{"id":143,"date":"2024-05-10T09:25:50","date_gmt":"2024-05-10T14:25:50","guid":{"rendered":"https:\/\/tvsanvi.surflinksas.com\/?page_id=143"},"modified":"2024-05-10T09:37:04","modified_gmt":"2024-05-10T14:37:04","slug":"magazin-740","status":"publish","type":"page","link":"https:\/\/tvsanvi.surflinksas.com\/index.php\/magazin-740\/","title":{"rendered":"Magaz\u00edn 7:40"},"content":{"rendered":"\t\t<div data-elementor-type=\"wp-page\" data-elementor-id=\"143\" class=\"elementor elementor-143\">\n\t\t\t\t<div class=\"elementor-element elementor-element-f3af7c4 e-flex e-con-boxed wpr-particle-no wpr-jarallax-no wpr-parallax-no wpr-sticky-section-no e-con e-parent\" data-id=\"f3af7c4\" data-element_type=\"container\">\n\t\t\t\t\t<div class=\"e-con-inner\">\n\t\t\t\t<div class=\"elementor-element elementor-element-ee901fd elementor-widget elementor-widget-spacer\" data-id=\"ee901fd\" data-element_type=\"widget\" data-widget_type=\"spacer.default\">\n\t\t\t\t<div class=\"elementor-widget-container\">\n\t\t\t<style>\/*! elementor - v3.22.0 - 26-06-2024 *\/\n.elementor-column .elementor-spacer-inner{height:var(--spacer-size)}.e-con{--container-widget-width:100%}.e-con-inner>.elementor-widget-spacer,.e-con>.elementor-widget-spacer{width:var(--container-widget-width,var(--spacer-size));--align-self:var(--container-widget-align-self,initial);--flex-shrink:0}.e-con-inner>.elementor-widget-spacer>.elementor-widget-container,.e-con>.elementor-widget-spacer>.elementor-widget-container{height:100%;width:100%}.e-con-inner>.elementor-widget-spacer>.elementor-widget-container>.elementor-spacer,.e-con>.elementor-widget-spacer>.elementor-widget-container>.elementor-spacer{height:100%}.e-con-inner>.elementor-widget-spacer>.elementor-widget-container>.elementor-spacer>.elementor-spacer-inner,.e-con>.elementor-widget-spacer>.elementor-widget-container>.elementor-spacer>.elementor-spacer-inner{height:var(--container-widget-height,var(--spacer-size))}.e-con-inner>.elementor-widget-spacer.elementor-widget-empty,.e-con>.elementor-widget-spacer.elementor-widget-empty{position:relative;min-height:22px;min-width:22px}.e-con-inner>.elementor-widget-spacer.elementor-widget-empty .elementor-widget-empty-icon,.e-con>.elementor-widget-spacer.elementor-widget-empty .elementor-widget-empty-icon{position:absolute;top:0;bottom:0;left:0;right:0;margin:auto;padding:0;width:22px;height:22px}<\/style>\t\t<div class=\"elementor-spacer\">\n\t\t\t<div class=\"elementor-spacer-inner\"><\/div>\n\t\t<\/div>\n\t\t\t\t<\/div>\n\t\t\t\t<\/div>\n\t\t\t\t\t<\/div>\n\t\t\t\t<\/div>\n\t\t<div class=\"elementor-element elementor-element-a2e5458 e-flex e-con-boxed wpr-particle-no wpr-jarallax-no wpr-parallax-no wpr-sticky-section-no e-con e-parent\" data-id=\"a2e5458\" data-element_type=\"container\">\n\t\t\t\t\t<div class=\"e-con-inner\">\n\t\t\t\t<div class=\"elementor-element elementor-element-1f95250 elementor-widget elementor-widget-image\" data-id=\"1f95250\" data-element_type=\"widget\" data-widget_type=\"image.default\">\n\t\t\t\t<div class=\"elementor-widget-container\">\n\t\t\t<style>\/*! elementor - v3.22.0 - 26-06-2024 *\/\n.elementor-widget-image{text-align:center}.elementor-widget-image a{display:inline-block}.elementor-widget-image a img[src$=\".svg\"]{width:48px}.elementor-widget-image img{vertical-align:middle;display:inline-block}<\/style>\t\t\t\t\t\t\t\t\t\t<img fetchpriority=\"high\" decoding=\"async\" width=\"485\" height=\"485\" src=\"https:\/\/tvsanvi.surflinksas.com\/wp-content\/uploads\/2024\/05\/m740SinFondo.png\" class=\"attachment-large size-large wp-image-146\" alt=\"\" srcset=\"https:\/\/tvsanvi.surflinksas.com\/wp-content\/uploads\/2024\/05\/m740SinFondo.png 485w, https:\/\/tvsanvi.surflinksas.com\/wp-content\/uploads\/2024\/05\/m740SinFondo-300x300.png 300w, https:\/\/tvsanvi.surflinksas.com\/wp-content\/uploads\/2024\/05\/m740SinFondo-150x150.png 150w, https:\/\/tvsanvi.surflinksas.com\/wp-content\/uploads\/2024\/05\/m740SinFondo-100x100.png 100w\" sizes=\"(max-width: 485px) 100vw, 485px\" \/>\t\t\t\t\t\t\t\t\t\t\t\t\t<\/div>\n\t\t\t\t<\/div>\n\t\t\t\t\t<\/div>\n\t\t\t\t<\/div>\n\t\t<div class=\"elementor-element elementor-element-7d3fc11 e-flex e-con-boxed wpr-particle-no wpr-jarallax-no wpr-parallax-no wpr-sticky-section-no e-con e-parent\" data-id=\"7d3fc11\" data-element_type=\"container\">\n\t\t\t\t\t<div class=\"e-con-inner\">\n\t\t\t\t<div class=\"elementor-element elementor-element-1bfb2cb elementor-widget elementor-widget-spacer\" data-id=\"1bfb2cb\" data-element_type=\"widget\" data-widget_type=\"spacer.default\">\n\t\t\t\t<div class=\"elementor-widget-container\">\n\t\t\t\t\t<div class=\"elementor-spacer\">\n\t\t\t<div class=\"elementor-spacer-inner\"><\/div>\n\t\t<\/div>\n\t\t\t\t<\/div>\n\t\t\t\t<\/div>\n\t\t\t\t\t<\/div>\n\t\t\t\t<\/div>\n\t\t<div class=\"elementor-element elementor-element-99fade4 e-flex e-con-boxed wpr-particle-no wpr-jarallax-no wpr-parallax-no wpr-sticky-section-no e-con e-parent\" data-id=\"99fade4\" data-element_type=\"container\">\n\t\t\t\t\t<div class=\"e-con-inner\">\n\t\t\t\t<div class=\"elementor-element elementor-element-115d7ef elementor-widget elementor-widget-heading\" data-id=\"115d7ef\" data-element_type=\"widget\" data-widget_type=\"heading.default\">\n\t\t\t\t<div class=\"elementor-widget-container\">\n\t\t\t<style>\/*! elementor - v3.22.0 - 26-06-2024 *\/\n.elementor-heading-title{padding:0;margin:0;line-height:1}.elementor-widget-heading .elementor-heading-title[class*=elementor-size-]>a{color:inherit;font-size:inherit;line-height:inherit}.elementor-widget-heading .elementor-heading-title.elementor-size-small{font-size:15px}.elementor-widget-heading .elementor-heading-title.elementor-size-medium{font-size:19px}.elementor-widget-heading .elementor-heading-title.elementor-size-large{font-size:29px}.elementor-widget-heading .elementor-heading-title.elementor-size-xl{font-size:39px}.elementor-widget-heading .elementor-heading-title.elementor-size-xxl{font-size:59px}<\/style><h2 class=\"elementor-heading-title elementor-size-default\">Magaz\u00edn 7:40<\/h2>\t\t<\/div>\n\t\t\t\t<\/div>\n\t\t\t\t\t<\/div>\n\t\t\t\t<\/div>\n\t\t<div class=\"elementor-element elementor-element-022e758 e-flex e-con-boxed wpr-particle-no wpr-jarallax-no wpr-parallax-no wpr-sticky-section-no e-con e-parent\" data-id=\"022e758\" data-element_type=\"container\">\n\t\t\t\t\t<div class=\"e-con-inner\">\n\t\t\t\t<div class=\"elementor-element elementor-element-877aca2 elementor-widget elementor-widget-text-editor\" data-id=\"877aca2\" data-element_type=\"widget\" data-widget_type=\"text-editor.default\">\n\t\t\t\t<div class=\"elementor-widget-container\">\n\t\t\t<style>\/*! elementor - v3.22.0 - 26-06-2024 *\/\n.elementor-widget-text-editor.elementor-drop-cap-view-stacked .elementor-drop-cap{background-color:#69727d;color:#fff}.elementor-widget-text-editor.elementor-drop-cap-view-framed .elementor-drop-cap{color:#69727d;border:3px solid;background-color:transparent}.elementor-widget-text-editor:not(.elementor-drop-cap-view-default) .elementor-drop-cap{margin-top:8px}.elementor-widget-text-editor:not(.elementor-drop-cap-view-default) .elementor-drop-cap-letter{width:1em;height:1em}.elementor-widget-text-editor .elementor-drop-cap{float:left;text-align:center;line-height:1;font-size:50px}.elementor-widget-text-editor .elementor-drop-cap-letter{display:inline-block}<\/style>\t\t\t\t<p>Las noticias de San Vicente del caguan. Caquet\u00e1, porque usted tiene derecho a estar bien informado.<\/p>\t\t\t\t\t\t<\/div>\n\t\t\t\t<\/div>\n\t\t\t\t\t<\/div>\n\t\t\t\t<\/div>\n\t\t\t\t<\/div>\n\t\t","protected":false},"excerpt":{"rendered":"<p>Magaz\u00edn 7:40 Las noticias de San Vicente del caguan. Caquet\u00e1, porque usted tiene derecho a estar bien informado.<\/p>\n","protected":false},"author":1,"featured_media":146,"parent":0,"menu_order":0,"comment_status":"closed","ping_status":"closed","template":"","meta":{"site-sidebar-layout":"no-sidebar","site-content-layout":"","ast-site-content-layout":"full-width-container","site-content-style":"default","site-sidebar-style":"default","ast-global-header-display":"","ast-banner-title-visibility":"","ast-main-header-display":"","ast-hfb-above-header-display":"","ast-hfb-below-header-display":"","ast-hfb-mobile-header-display":"","site-post-title":"disabled","ast-breadcrumbs-content":"","ast-featured-img":"disabled","footer-sml-layout":"","theme-transparent-header-meta":"default","adv-header-id-meta":"","stick-header-meta":"","header-above-stick-meta":"","header-main-stick-meta":"","header-below-stick-meta":"","astra-migrate-meta-layouts":"set","ast-page-background-enabled":"default","ast-page-background-meta":{"desktop":{"background-color":"var(--ast-global-color-4)","background-image":"","background-repeat":"repeat","background-position":"center center","background-size":"auto","background-attachment":"scroll","background-type":"","background-media":"","overlay-type":"","overlay-color":"","overlay-gradient":""},"tablet":{"background-color":"","background-image":"","background-repeat":"repeat","background-position":"center center","background-size":"auto","background-attachment":"scroll","background-type":"","background-media":"","overlay-type":"","overlay-color":"","overlay-gradient":""},"mobile":{"background-color":"","background-image":"","background-repeat":"repeat","background-position":"center center","background-size":"auto","background-attachment":"scroll","background-type":"","background-media":"","overlay-type":"","overlay-color":"","overlay-gradient":""}},"ast-content-background-meta":{"desktop":{"background-color":"var(--ast-global-color-5)","background-image":"","background-repeat":"repeat","background-position":"center center","background-size":"auto","background-attachment":"scroll","background-type":"","background-media":"","overlay-type":"","overlay-color":"","overlay-gradient":""},"tablet":{"background-color":"var(--ast-global-color-5)","background-image":"","background-repeat":"repeat","background-position":"center center","background-size":"auto","background-attachment":"scroll","background-type":"","background-media":"","overlay-type":"","overlay-color":"","overlay-gradient":""},"mobile":{"background-color":"var(--ast-global-color-5)","background-image":"","background-repeat":"repeat","background-position":"center center","background-size":"auto","background-attachment":"scroll","background-type":"","background-media":"","overlay-type":"","overlay-color":"","overlay-gradient":""}},"footnotes":"","_links_to":"","_links_to_target":""},"yoast_head":"<!-- This site is optimized with the Yoast SEO plugin v23.0 - https:\/\/yoast.com\/wordpress\/plugins\/seo\/ -->\n<title>Magaz\u00edn 7:40 -<\/title>\n<meta name=\"description\" content=\"TV Sanvi - Magaz\u00edn 7:40 Las noticias de San Vicente del caguan. Caquet\u00e1, porque usted tiene derecho a estar bien informado.\" \/>\n<meta name=\"robots\" content=\"index, follow, max-snippet:-1, max-image-preview:large, max-video-preview:-1\" \/>\n<link rel=\"canonical\" href=\"https:\/\/tvsanvi.surflinksas.com\/index.php\/magazin-740\/\" \/>\n<meta property=\"og:locale\" content=\"es_ES\" \/>\n<meta property=\"og:type\" content=\"article\" \/>\n<meta property=\"og:title\" content=\"Magaz\u00edn 7:40 -\" \/>\n<meta property=\"og:description\" content=\"TV Sanvi - Magaz\u00edn 7:40 Las noticias de San Vicente del caguan. Caquet\u00e1, porque usted tiene derecho a estar bien informado.\" \/>\n<meta property=\"og:url\" content=\"https:\/\/tvsanvi.surflinksas.com\/index.php\/magazin-740\/\" \/>\n<meta property=\"article:modified_time\" content=\"2024-05-10T14:37:04+00:00\" \/>\n<meta property=\"og:image\" content=\"https:\/\/tvsanvi.surflinksas.com\/wp-content\/uploads\/2024\/05\/m740SinFondo.png\" \/>\n\t<meta property=\"og:image:width\" content=\"485\" \/>\n\t<meta property=\"og:image:height\" content=\"485\" \/>\n\t<meta property=\"og:image:type\" content=\"image\/png\" \/>\n<meta name=\"twitter:card\" content=\"summary_large_image\" \/>\n<meta name=\"twitter:label1\" content=\"Tiempo de lectura\" \/>\n\t<meta name=\"twitter:data1\" content=\"1 minuto\" \/>\n<script type=\"application\/ld+json\" class=\"yoast-schema-graph\">{\"@context\":\"https:\/\/schema.org\",\"@graph\":[{\"@type\":\"WebPage\",\"@id\":\"https:\/\/tvsanvi.surflinksas.com\/index.php\/magazin-740\/\",\"url\":\"https:\/\/tvsanvi.surflinksas.com\/index.php\/magazin-740\/\",\"name\":\"Magaz\u00edn 7:40 -\",\"isPartOf\":{\"@id\":\"https:\/\/tvsanvi.surflinksas.com\/#website\"},\"primaryImageOfPage\":{\"@id\":\"https:\/\/tvsanvi.surflinksas.com\/index.php\/magazin-740\/#primaryimage\"},\"image\":{\"@id\":\"https:\/\/tvsanvi.surflinksas.com\/index.php\/magazin-740\/#primaryimage\"},\"thumbnailUrl\":\"https:\/\/tvsanvi.surflinksas.com\/wp-content\/uploads\/2024\/05\/m740SinFondo.png\",\"datePublished\":\"2024-05-10T14:25:50+00:00\",\"dateModified\":\"2024-05-10T14:37:04+00:00\",\"description\":\"TV Sanvi - Magaz\u00edn 7:40 Las noticias de San Vicente del caguan. Caquet\u00e1, porque usted tiene derecho a estar bien informado.\",\"breadcrumb\":{\"@id\":\"https:\/\/tvsanvi.surflinksas.com\/index.php\/magazin-740\/#breadcrumb\"},\"inLanguage\":\"es\",\"potentialAction\":[{\"@type\":\"ReadAction\",\"target\":[\"https:\/\/tvsanvi.surflinksas.com\/index.php\/magazin-740\/\"]}]},{\"@type\":\"ImageObject\",\"inLanguage\":\"es\",\"@id\":\"https:\/\/tvsanvi.surflinksas.com\/index.php\/magazin-740\/#primaryimage\",\"url\":\"https:\/\/tvsanvi.surflinksas.com\/wp-content\/uploads\/2024\/05\/m740SinFondo.png\",\"contentUrl\":\"https:\/\/tvsanvi.surflinksas.com\/wp-content\/uploads\/2024\/05\/m740SinFondo.png\",\"width\":485,\"height\":485},{\"@type\":\"BreadcrumbList\",\"@id\":\"https:\/\/tvsanvi.surflinksas.com\/index.php\/magazin-740\/#breadcrumb\",\"itemListElement\":[{\"@type\":\"ListItem\",\"position\":1,\"name\":\"Portada\",\"item\":\"https:\/\/tvsanvi.surflinksas.com\/\"},{\"@type\":\"ListItem\",\"position\":2,\"name\":\"Magaz\u00edn 7:40\"}]},{\"@type\":\"WebSite\",\"@id\":\"https:\/\/tvsanvi.surflinksas.com\/#website\",\"url\":\"https:\/\/tvsanvi.surflinksas.com\/\",\"name\":\"\",\"description\":\"\",\"potentialAction\":[{\"@type\":\"SearchAction\",\"target\":{\"@type\":\"EntryPoint\",\"urlTemplate\":\"https:\/\/tvsanvi.surflinksas.com\/?s={search_term_string}\"},\"query-input\":\"required name=search_term_string\"}],\"inLanguage\":\"es\"}]}<\/script>\n<!-- \/ Yoast SEO plugin. -->","yoast_head_json":{"title":"Magaz\u00edn 7:40 -","description":"TV Sanvi - Magaz\u00edn 7:40 Las noticias de San Vicente del caguan. Caquet\u00e1, porque usted tiene derecho a estar bien informado.","robots":{"index":"index","follow":"follow","max-snippet":"max-snippet:-1","max-image-preview":"max-image-preview:large","max-video-preview":"max-video-preview:-1"},"canonical":"https:\/\/tvsanvi.surflinksas.com\/index.php\/magazin-740\/","og_locale":"es_ES","og_type":"article","og_title":"Magaz\u00edn 7:40 -","og_description":"TV Sanvi - Magaz\u00edn 7:40 Las noticias de San Vicente del caguan. Caquet\u00e1, porque usted tiene derecho a estar bien informado.","og_url":"https:\/\/tvsanvi.surflinksas.com\/index.php\/magazin-740\/","article_modified_time":"2024-05-10T14:37:04+00:00","og_image":[{"width":485,"height":485,"url":"https:\/\/tvsanvi.surflinksas.com\/wp-content\/uploads\/2024\/05\/m740SinFondo.png","type":"image\/png"}],"twitter_card":"summary_large_image","twitter_misc":{"Tiempo de lectura":"1 minuto"},"schema":{"@context":"https:\/\/schema.org","@graph":[{"@type":"WebPage","@id":"https:\/\/tvsanvi.surflinksas.com\/index.php\/magazin-740\/","url":"https:\/\/tvsanvi.surflinksas.com\/index.php\/magazin-740\/","name":"Magaz\u00edn 7:40 -","isPartOf":{"@id":"https:\/\/tvsanvi.surflinksas.com\/#website"},"primaryImageOfPage":{"@id":"https:\/\/tvsanvi.surflinksas.com\/index.php\/magazin-740\/#primaryimage"},"image":{"@id":"https:\/\/tvsanvi.surflinksas.com\/index.php\/magazin-740\/#primaryimage"},"thumbnailUrl":"https:\/\/tvsanvi.surflinksas.com\/wp-content\/uploads\/2024\/05\/m740SinFondo.png","datePublished":"2024-05-10T14:25:50+00:00","dateModified":"2024-05-10T14:37:04+00:00","description":"TV Sanvi - Magaz\u00edn 7:40 Las noticias de San Vicente del caguan. Caquet\u00e1, porque usted tiene derecho a estar bien informado.","breadcrumb":{"@id":"https:\/\/tvsanvi.surflinksas.com\/index.php\/magazin-740\/#breadcrumb"},"inLanguage":"es","potentialAction":[{"@type":"ReadAction","target":["https:\/\/tvsanvi.surflinksas.com\/index.php\/magazin-740\/"]}]},{"@type":"ImageObject","inLanguage":"es","@id":"https:\/\/tvsanvi.surflinksas.com\/index.php\/magazin-740\/#primaryimage","url":"https:\/\/tvsanvi.surflinksas.com\/wp-content\/uploads\/2024\/05\/m740SinFondo.png","contentUrl":"https:\/\/tvsanvi.surflinksas.com\/wp-content\/uploads\/2024\/05\/m740SinFondo.png","width":485,"height":485},{"@type":"BreadcrumbList","@id":"https:\/\/tvsanvi.surflinksas.com\/index.php\/magazin-740\/#breadcrumb","itemListElement":[{"@type":"ListItem","position":1,"name":"Portada","item":"https:\/\/tvsanvi.surflinksas.com\/"},{"@type":"ListItem","position":2,"name":"Magaz\u00edn 7:40"}]},{"@type":"WebSite","@id":"https:\/\/tvsanvi.surflinksas.com\/#website","url":"https:\/\/tvsanvi.surflinksas.com\/","name":"","description":"","potentialAction":[{"@type":"SearchAction","target":{"@type":"EntryPoint","urlTemplate":"https:\/\/tvsanvi.surflinksas.com\/?s={search_term_string}"},"query-input":"required name=search_term_string"}],"inLanguage":"es"}]}},"jetpack_sharing_enabled":true,"_links":{"self":[{"href":"https:\/\/tvsanvi.surflinksas.com\/index.php\/wp-json\/wp\/v2\/pages\/143"}],"collection":[{"href":"https:\/\/tvsanvi.surflinksas.com\/index.php\/wp-json\/wp\/v2\/pages"}],"about":[{"href":"https:\/\/tvsanvi.surflinksas.com\/index.php\/wp-json\/wp\/v2\/types\/page"}],"author":[{"embeddable":true,"href":"https:\/\/tvsanvi.surflinksas.com\/index.php\/wp-json\/wp\/v2\/users\/1"}],"replies":[{"embeddable":true,"href":"https:\/\/tvsanvi.surflinksas.com\/index.php\/wp-json\/wp\/v2\/comments?post=143"}],"version-history":[{"count":7,"href":"https:\/\/tvsanvi.surflinksas.com\/index.php\/wp-json\/wp\/v2\/pages\/143\/revisions"}],"predecessor-version":[{"id":151,"href":"https:\/\/tvsanvi.surflinksas.com\/index.php\/wp-json\/wp\/v2\/pages\/143\/revisions\/151"}],"wp:featuredmedia":[{"embeddable":true,"href":"https:\/\/tvsanvi.surflinksas.com\/index.php\/wp-json\/wp\/v2\/media\/146"}],"wp:attachment":[{"href":"https:\/\/tvsanvi.surflinksas.com\/index.php\/wp-json\/wp\/v2\/media?parent=143"}],"curies":[{"name":"wp","href":"https:\/\/api.w.org\/{rel}","templated":true}]}}