{"id":123,"date":"2024-05-10T08:59:39","date_gmt":"2024-05-10T13:59:39","guid":{"rendered":"https:\/\/tvsanvi.surflinksas.com\/?page_id=123"},"modified":"2024-05-10T08:59:39","modified_gmt":"2024-05-10T13:59:39","slug":"proteccion-de-datos-personales","status":"publish","type":"page","link":"https:\/\/tvsanvi.surflinksas.com\/index.php\/proteccion-de-datos-personales\/","title":{"rendered":"Protecci\u00f3n de Datos Personales"},"content":{"rendered":"<p><strong>INTRODUCCI\u00d3N<\/strong><\/p>\n<p>Los usuarios que utilicen los diferentes portales y servicios de TV Sanvi &#8211; SURFLINK S.A.S., deben leer las pol\u00edticas de privacidad antes de acceder o usarlos.<\/p>\n<p>En caso que los clientes o proveedores de TV Sanvi -SURFLINK S.A.S.\u00a0 deseen ejercer sus derechos de acceso, rectificaci\u00f3n, cancelaci\u00f3n u oposici\u00f3n, estos los podr\u00e1n ejercer en todo momento, utilizando los diferentes medios de comunicaci\u00f3n de la empresa (correo, p\u00e1gina web, tel\u00e9fono fijo y m\u00f3vil) en donde podr\u00e1n realizar su respectivo procedimiento.<\/p>\n<p><strong>MARCO LEGAL<\/strong><\/p>\n<p>Teniendo en cuenta lo Estipulado en el Art\u00edculo 2.2.2.25.3.1. Pol\u00edticas de Tratamiento de la informaci\u00f3n.<\/p>\n<p>SURFLINK S.A.S. apoya todas las acciones para cumplir con las medidas impuestas por la Ley 679 de 2001 y el Decreto 1524 de 2002 o los decretos que la modifiquen, para la prevenci\u00f3n y detecci\u00f3n de la pornograf\u00eda infantil en Internet. Por esto, se compromete a actuar dentro del marco legal y sus acciones estipuladas, para\u00a0 bloquear, prevenir, combatir y\/o denunciar la explotaci\u00f3n, mensajes, gr\u00e1ficos, dibujos, archivos de sonido o im\u00e1genes, fotograf\u00edas, informaci\u00f3n, grabaciones, software, archivos audiovisuales o el establecimiento de enlaces de cualquier clase, textos que contengan o induzcan de forma indirecta o directa relacionados con material pornogr\u00e1fico o alusivo a actividades sexuales de menores de edad, dentro de los recursos inform\u00e1ticos que posee SURFLINK S.A.S.\u00a0 para la prestaci\u00f3n de sus servicios. El usuario que accede a los diferentes portales o servicios de SURFLINK S.A.S. acepta que existen o pueden existir p\u00e1ginas o portales y servicios con acceso o uso restringido.<\/p>\n<p><strong>PRESTACION DE SERVICIOS<\/strong><\/p>\n<p>Est\u00e1 relacionado con los necesarios para analizar y desarrollar la factibilidad, contrataci\u00f3n, instalaci\u00f3n, ejecuci\u00f3n de servicios, mantenimientos, atenci\u00f3n al cliente, mejoramiento de servicios, planes comerciales, cumplir con la regulaci\u00f3n y la normatividad Comisi\u00f3n de Regulaci\u00f3n de Comunicaciones\u00a0\u00a0\u00a0 y Ministerio de Tecnolog\u00edas de la Informaci\u00f3n y las Comunicaciones de Colombia<\/p>\n<p><strong>TRATAMIENTO DE LA INFORMACI\u00d3N USUARIOS.<\/strong><\/p>\n<p>TV Sanvi -SURFLINK S.A.S. podr\u00e1 hacer uso de la informaci\u00f3n personal de sus usuarios para mejoramiento de sus servicios, para promoci\u00f3n de nuevos servicios, o para el estudio y optimizaci\u00f3n de los servicios actuales ofrecidos directamente TV Sanvi &#8211; SURFLINK S.A.S. a empresas o servicios residenciales.<\/p>\n<p>Cuando un usuario de TV Sanvi &#8211; SURFLINK S.A.S.\u00a0 suministra libre y voluntariamente la informaci\u00f3n personal necesaria para realizar operaciones o transacciones comerciales, SURFLINK S.A.S. se compromete con el cuidado y vigilancia de esta informaci\u00f3n.<\/p>\n<p><strong>TRATAMIENTO DE LA INFORMACI\u00d3N PROVEEDORES<\/strong><\/p>\n<p>Los proveedores al autorizar por cualquier medio el uso de su informaci\u00f3n acepta que la empresa podr\u00e1 utilizar, conservar, transferir, recolectar, almacenar, usar la informaci\u00f3n personal con el objeto de ingresar su informaci\u00f3n a una base de datos, para datos de pagos de obligaciones, reporte, entrega de informaci\u00f3n, soportes de auditor\u00edas a entidades gubernamentales.<\/p>\n<p><strong>TRATAMIENTO DE LA INFORMACI\u00d3N EMPLEADOS<\/strong><\/p>\n<p>TV Sanvi &#8211; SURFLINK S.A.S.\u00a0 Posee informaci\u00f3n y datos relacionados con la identificaci\u00f3n del trabajador, ex\u00e1menes de vinculaci\u00f3n, formaci\u00f3n acad\u00e9mica, experiencia laboral, direcci\u00f3n del domicilio, beneficiarios, salario, fondo de pensi\u00f3n, cesant\u00edas, riesgos profesionales, caja de compensaci\u00f3n, seguros de accidente laboral, as\u00ed como toda aquella informaci\u00f3n\u00a0\u00a0 que se debe reportar ante las entidades y autoridades nacionales y locales por mandato de ley.<\/p>\n<p><strong>LIMITACI\u00d3N DE RESPONSABILIDADES<\/strong><\/p>\n<p>TV Sanvi &#8211; SURFLINK S.A.S. har\u00e1 todos los esfuerzos necesarios para darle los mejores niveles de disponibilidad, integridad, confiabilidad y seguridad a todos los servicios e informaci\u00f3n de los usuarios, proveedores y empleados, pero no garantiza que el uso de \u00e9stos est\u00e9 libre de interrupciones, fallas, errores o violaciones de seguridad. tampoco garantiza los resultados que se puedan obtener del uso de sus sitios, ni la exactitud, confiabilidad, calidad o vigencia de la informaci\u00f3n obtenida en ellos.<\/p>\n","protected":false},"excerpt":{"rendered":"<p>INTRODUCCI\u00d3N Los usuarios que utilicen los diferentes portales y servicios de TV Sanvi &#8211; SURFLINK S.A.S., deben leer las pol\u00edticas de privacidad antes de acceder o usarlos. En caso que los clientes o proveedores de TV Sanvi -SURFLINK S.A.S.\u00a0 deseen ejercer sus derechos de acceso, rectificaci\u00f3n, cancelaci\u00f3n u oposici\u00f3n, estos los podr\u00e1n ejercer en todo momento, utilizando los diferentes medios de comunicaci\u00f3n de la empresa (correo, p\u00e1gina web, tel\u00e9fono fijo y m\u00f3vil) en donde podr\u00e1n realizar su respectivo procedimiento. MARCO LEGAL Teniendo en cuenta lo Estipulado en el Art\u00edculo 2.2.2.25.3.1. Pol\u00edticas de Tratamiento de la informaci\u00f3n. SURFLINK S.A.S. apoya todas las acciones para cumplir con las medidas impuestas por la Ley 679 de 2001 y el Decreto 1524 de 2002 o los decretos que la modifiquen, para la prevenci\u00f3n y detecci\u00f3n de la pornograf\u00eda infantil en Internet. Por esto, se compromete a actuar dentro del marco legal y sus acciones estipuladas, para\u00a0 bloquear, prevenir, combatir y\/o denunciar la explotaci\u00f3n, mensajes, gr\u00e1ficos, dibujos, archivos de sonido o im\u00e1genes, fotograf\u00edas, informaci\u00f3n, grabaciones, software, archivos audiovisuales o el establecimiento de enlaces de cualquier clase, textos que contengan o induzcan de forma indirecta o directa relacionados con material pornogr\u00e1fico o alusivo a actividades sexuales de menores de edad, dentro de los recursos inform\u00e1ticos que posee SURFLINK S.A.S.\u00a0 para la prestaci\u00f3n de sus servicios. El usuario que accede a los diferentes portales o servicios de SURFLINK S.A.S. acepta que existen o pueden existir p\u00e1ginas o portales y servicios con acceso o uso restringido. PRESTACION DE SERVICIOS Est\u00e1 relacionado con los necesarios para analizar y desarrollar la factibilidad, contrataci\u00f3n, instalaci\u00f3n, ejecuci\u00f3n de servicios, mantenimientos, atenci\u00f3n al cliente, mejoramiento de servicios, planes comerciales, cumplir con la regulaci\u00f3n y la normatividad Comisi\u00f3n de Regulaci\u00f3n de Comunicaciones\u00a0\u00a0\u00a0 y Ministerio de Tecnolog\u00edas de la Informaci\u00f3n y las Comunicaciones de Colombia TRATAMIENTO DE LA INFORMACI\u00d3N USUARIOS. TV Sanvi -SURFLINK S.A.S. podr\u00e1 hacer uso de la informaci\u00f3n personal de sus usuarios para mejoramiento de sus servicios, para promoci\u00f3n de nuevos servicios, o para el estudio y optimizaci\u00f3n de los servicios actuales ofrecidos directamente TV Sanvi &#8211; SURFLINK S.A.S. a empresas o servicios residenciales. Cuando un usuario de TV Sanvi &#8211; SURFLINK S.A.S.\u00a0 suministra libre y voluntariamente la informaci\u00f3n personal necesaria para realizar operaciones o transacciones comerciales, SURFLINK S.A.S. se compromete con el cuidado y vigilancia de esta informaci\u00f3n. TRATAMIENTO DE LA INFORMACI\u00d3N PROVEEDORES Los proveedores al autorizar por cualquier medio el uso de su informaci\u00f3n acepta que la empresa podr\u00e1 utilizar, conservar, transferir, recolectar, almacenar, usar la informaci\u00f3n personal con el objeto de ingresar su informaci\u00f3n a una base de datos, para datos de pagos de obligaciones, reporte, entrega de informaci\u00f3n, soportes de auditor\u00edas a entidades gubernamentales. TRATAMIENTO DE LA INFORMACI\u00d3N EMPLEADOS TV Sanvi &#8211; SURFLINK S.A.S.\u00a0 Posee informaci\u00f3n y datos relacionados con la identificaci\u00f3n del trabajador, ex\u00e1menes de vinculaci\u00f3n, formaci\u00f3n acad\u00e9mica, experiencia laboral, direcci\u00f3n del domicilio, beneficiarios, salario, fondo de pensi\u00f3n, cesant\u00edas, riesgos profesionales, caja de compensaci\u00f3n, seguros de accidente laboral, as\u00ed como toda aquella informaci\u00f3n\u00a0\u00a0 que se debe reportar ante las entidades y autoridades nacionales y locales por mandato de ley. LIMITACI\u00d3N DE RESPONSABILIDADES TV Sanvi &#8211; SURFLINK S.A.S. har\u00e1 todos los esfuerzos necesarios para darle los mejores niveles de disponibilidad, integridad, confiabilidad y seguridad a todos los servicios e informaci\u00f3n de los usuarios, proveedores y empleados, pero no garantiza que el uso de \u00e9stos est\u00e9 libre de interrupciones, fallas, errores o violaciones de seguridad. tampoco garantiza los resultados que se puedan obtener del uso de sus sitios, ni la exactitud, confiabilidad, calidad o vigencia de la informaci\u00f3n obtenida en ellos.<\/p>\n","protected":false},"author":1,"featured_media":0,"parent":0,"menu_order":0,"comment_status":"closed","ping_status":"closed","template":"","meta":{"site-sidebar-layout":"default","site-content-layout":"","ast-site-content-layout":"default","site-content-style":"default","site-sidebar-style":"default","ast-global-header-display":"","ast-banner-title-visibility":"","ast-main-header-display":"","ast-hfb-above-header-display":"","ast-hfb-below-header-display":"","ast-hfb-mobile-header-display":"","site-post-title":"","ast-breadcrumbs-content":"","ast-featured-img":"","footer-sml-layout":"","theme-transparent-header-meta":"default","adv-header-id-meta":"","stick-header-meta":"","header-above-stick-meta":"","header-main-stick-meta":"","header-below-stick-meta":"","astra-migrate-meta-layouts":"set","ast-page-background-enabled":"default","ast-page-background-meta":{"desktop":{"background-color":"var(--ast-global-color-4)","background-image":"","background-repeat":"repeat","background-position":"center center","background-size":"auto","background-attachment":"scroll","background-type":"","background-media":"","overlay-type":"","overlay-color":"","overlay-gradient":""},"tablet":{"background-color":"","background-image":"","background-repeat":"repeat","background-position":"center center","background-size":"auto","background-attachment":"scroll","background-type":"","background-media":"","overlay-type":"","overlay-color":"","overlay-gradient":""},"mobile":{"background-color":"","background-image":"","background-repeat":"repeat","background-position":"center center","background-size":"auto","background-attachment":"scroll","background-type":"","background-media":"","overlay-type":"","overlay-color":"","overlay-gradient":""}},"ast-content-background-meta":{"desktop":{"background-color":"var(--ast-global-color-5)","background-image":"","background-repeat":"repeat","background-position":"center center","background-size":"auto","background-attachment":"scroll","background-type":"","background-media":"","overlay-type":"","overlay-color":"","overlay-gradient":""},"tablet":{"background-color":"var(--ast-global-color-5)","background-image":"","background-repeat":"repeat","background-position":"center center","background-size":"auto","background-attachment":"scroll","background-type":"","background-media":"","overlay-type":"","overlay-color":"","overlay-gradient":""},"mobile":{"background-color":"var(--ast-global-color-5)","background-image":"","background-repeat":"repeat","background-position":"center center","background-size":"auto","background-attachment":"scroll","background-type":"","background-media":"","overlay-type":"","overlay-color":"","overlay-gradient":""}},"footnotes":"","_links_to":"","_links_to_target":""},"yoast_head":"<!-- This site is optimized with the Yoast SEO plugin v23.0 - https:\/\/yoast.com\/wordpress\/plugins\/seo\/ -->\n<title>Protecci\u00f3n de Datos Personales -<\/title>\n<meta name=\"description\" content=\"Los usuarios que utilicen los diferentes portales y servicios de TV Sanvi, deben leer las pol\u00edticas de privacidad antes de acceder o usarlos.\" \/>\n<meta name=\"robots\" content=\"index, follow, max-snippet:-1, max-image-preview:large, max-video-preview:-1\" \/>\n<link rel=\"canonical\" href=\"https:\/\/tvsanvi.surflinksas.com\/index.php\/proteccion-de-datos-personales\/\" \/>\n<meta property=\"og:locale\" content=\"es_ES\" \/>\n<meta property=\"og:type\" content=\"article\" \/>\n<meta property=\"og:title\" content=\"Protecci\u00f3n de Datos Personales -\" \/>\n<meta property=\"og:description\" content=\"Los usuarios que utilicen los diferentes portales y servicios de TV Sanvi, deben leer las pol\u00edticas de privacidad antes de acceder o usarlos.\" \/>\n<meta property=\"og:url\" content=\"https:\/\/tvsanvi.surflinksas.com\/index.php\/proteccion-de-datos-personales\/\" \/>\n<meta name=\"twitter:card\" content=\"summary_large_image\" \/>\n<meta name=\"twitter:label1\" content=\"Tiempo de lectura\" \/>\n\t<meta name=\"twitter:data1\" content=\"3 minutos\" \/>\n<script type=\"application\/ld+json\" class=\"yoast-schema-graph\">{\"@context\":\"https:\/\/schema.org\",\"@graph\":[{\"@type\":\"WebPage\",\"@id\":\"https:\/\/tvsanvi.surflinksas.com\/index.php\/proteccion-de-datos-personales\/\",\"url\":\"https:\/\/tvsanvi.surflinksas.com\/index.php\/proteccion-de-datos-personales\/\",\"name\":\"Protecci\u00f3n de Datos Personales -\",\"isPartOf\":{\"@id\":\"https:\/\/tvsanvi.surflinksas.com\/#website\"},\"datePublished\":\"2024-05-10T13:59:39+00:00\",\"dateModified\":\"2024-05-10T13:59:39+00:00\",\"description\":\"Los usuarios que utilicen los diferentes portales y servicios de TV Sanvi, deben leer las pol\u00edticas de privacidad antes de acceder o usarlos.\",\"breadcrumb\":{\"@id\":\"https:\/\/tvsanvi.surflinksas.com\/index.php\/proteccion-de-datos-personales\/#breadcrumb\"},\"inLanguage\":\"es\",\"potentialAction\":[{\"@type\":\"ReadAction\",\"target\":[\"https:\/\/tvsanvi.surflinksas.com\/index.php\/proteccion-de-datos-personales\/\"]}]},{\"@type\":\"BreadcrumbList\",\"@id\":\"https:\/\/tvsanvi.surflinksas.com\/index.php\/proteccion-de-datos-personales\/#breadcrumb\",\"itemListElement\":[{\"@type\":\"ListItem\",\"position\":1,\"name\":\"Portada\",\"item\":\"https:\/\/tvsanvi.surflinksas.com\/\"},{\"@type\":\"ListItem\",\"position\":2,\"name\":\"Protecci\u00f3n de Datos Personales\"}]},{\"@type\":\"WebSite\",\"@id\":\"https:\/\/tvsanvi.surflinksas.com\/#website\",\"url\":\"https:\/\/tvsanvi.surflinksas.com\/\",\"name\":\"\",\"description\":\"\",\"potentialAction\":[{\"@type\":\"SearchAction\",\"target\":{\"@type\":\"EntryPoint\",\"urlTemplate\":\"https:\/\/tvsanvi.surflinksas.com\/?s={search_term_string}\"},\"query-input\":\"required name=search_term_string\"}],\"inLanguage\":\"es\"}]}<\/script>\n<!-- \/ Yoast SEO plugin. -->","yoast_head_json":{"title":"Protecci\u00f3n de Datos Personales -","description":"Los usuarios que utilicen los diferentes portales y servicios de TV Sanvi, deben leer las pol\u00edticas de privacidad antes de acceder o usarlos.","robots":{"index":"index","follow":"follow","max-snippet":"max-snippet:-1","max-image-preview":"max-image-preview:large","max-video-preview":"max-video-preview:-1"},"canonical":"https:\/\/tvsanvi.surflinksas.com\/index.php\/proteccion-de-datos-personales\/","og_locale":"es_ES","og_type":"article","og_title":"Protecci\u00f3n de Datos Personales -","og_description":"Los usuarios que utilicen los diferentes portales y servicios de TV Sanvi, deben leer las pol\u00edticas de privacidad antes de acceder o usarlos.","og_url":"https:\/\/tvsanvi.surflinksas.com\/index.php\/proteccion-de-datos-personales\/","twitter_card":"summary_large_image","twitter_misc":{"Tiempo de lectura":"3 minutos"},"schema":{"@context":"https:\/\/schema.org","@graph":[{"@type":"WebPage","@id":"https:\/\/tvsanvi.surflinksas.com\/index.php\/proteccion-de-datos-personales\/","url":"https:\/\/tvsanvi.surflinksas.com\/index.php\/proteccion-de-datos-personales\/","name":"Protecci\u00f3n de Datos Personales -","isPartOf":{"@id":"https:\/\/tvsanvi.surflinksas.com\/#website"},"datePublished":"2024-05-10T13:59:39+00:00","dateModified":"2024-05-10T13:59:39+00:00","description":"Los usuarios que utilicen los diferentes portales y servicios de TV Sanvi, deben leer las pol\u00edticas de privacidad antes de acceder o usarlos.","breadcrumb":{"@id":"https:\/\/tvsanvi.surflinksas.com\/index.php\/proteccion-de-datos-personales\/#breadcrumb"},"inLanguage":"es","potentialAction":[{"@type":"ReadAction","target":["https:\/\/tvsanvi.surflinksas.com\/index.php\/proteccion-de-datos-personales\/"]}]},{"@type":"BreadcrumbList","@id":"https:\/\/tvsanvi.surflinksas.com\/index.php\/proteccion-de-datos-personales\/#breadcrumb","itemListElement":[{"@type":"ListItem","position":1,"name":"Portada","item":"https:\/\/tvsanvi.surflinksas.com\/"},{"@type":"ListItem","position":2,"name":"Protecci\u00f3n de Datos Personales"}]},{"@type":"WebSite","@id":"https:\/\/tvsanvi.surflinksas.com\/#website","url":"https:\/\/tvsanvi.surflinksas.com\/","name":"","description":"","potentialAction":[{"@type":"SearchAction","target":{"@type":"EntryPoint","urlTemplate":"https:\/\/tvsanvi.surflinksas.com\/?s={search_term_string}"},"query-input":"required name=search_term_string"}],"inLanguage":"es"}]}},"jetpack_sharing_enabled":true,"_links":{"self":[{"href":"https:\/\/tvsanvi.surflinksas.com\/index.php\/wp-json\/wp\/v2\/pages\/123"}],"collection":[{"href":"https:\/\/tvsanvi.surflinksas.com\/index.php\/wp-json\/wp\/v2\/pages"}],"about":[{"href":"https:\/\/tvsanvi.surflinksas.com\/index.php\/wp-json\/wp\/v2\/types\/page"}],"author":[{"embeddable":true,"href":"https:\/\/tvsanvi.surflinksas.com\/index.php\/wp-json\/wp\/v2\/users\/1"}],"replies":[{"embeddable":true,"href":"https:\/\/tvsanvi.surflinksas.com\/index.php\/wp-json\/wp\/v2\/comments?post=123"}],"version-history":[{"count":1,"href":"https:\/\/tvsanvi.surflinksas.com\/index.php\/wp-json\/wp\/v2\/pages\/123\/revisions"}],"predecessor-version":[{"id":124,"href":"https:\/\/tvsanvi.surflinksas.com\/index.php\/wp-json\/wp\/v2\/pages\/123\/revisions\/124"}],"wp:attachment":[{"href":"https:\/\/tvsanvi.surflinksas.com\/index.php\/wp-json\/wp\/v2\/media?parent=123"}],"curies":[{"name":"wp","href":"https:\/\/api.w.org\/{rel}","templated":true}]}}