{"id":113,"date":"2024-05-09T11:00:31","date_gmt":"2024-05-09T16:00:31","guid":{"rendered":"https:\/\/tvsanvi.surflinksas.com\/?page_id=113"},"modified":"2024-05-09T11:00:31","modified_gmt":"2024-05-09T16:00:31","slug":"internet-sano","status":"publish","type":"page","link":"https:\/\/tvsanvi.surflinksas.com\/index.php\/internet-sano\/","title":{"rendered":"Internet Sano"},"content":{"rendered":"<p>Internet Sano es la campa\u00f1a del Ministerio de Tecnolog\u00edas de la Informaci\u00f3n y las Comunicaciones por medio de la cual se pretende generar opini\u00f3n y conocimiento en torno al tema de la explotaci\u00f3n infantil en Internet, destacando mensajes de prevenci\u00f3n, de denuncia, informativos e institucionales. Esta campa\u00f1a del Ministerio<br \/>\nde Comunicaciones busca que todos los colombianos comprendan y asimilen lo que significa la prevenci\u00f3n de la pornograf\u00eda infantil y juvenil en Internet. Dentro de los desarrollos de esta campa\u00f1a y en cumplimiento de la\u00a0<strong>Ley 679 de 2001<\/strong>\u00a0y del\u00a0<strong>Decreto 1524 de 2004<\/strong>,<\/p>\n<p>TV Sanvi adopt\u00f3 el C\u00f3digo de Conducta para el manejo y aprovechamiento de redes globales de informaci\u00f3n y la protecci\u00f3n de los menores de edad contra la pornograf\u00eda infantil con el objetivo de prevenir la divulgaci\u00f3n de material de pornograf\u00eda infantil a trav\u00e9s de las redes y equipos de c\u00f3mputo bajo su directa administraci\u00f3n, con el fin de prevenir el acceso de menores de edad a cualquier tipo de material pornogr\u00e1fico, como herramienta para la lucha contra la pornograf\u00eda infantil.<\/p>\n<p>En los siguientes lugares de Internet se pueden realizar las denuncias relacionadas con sitios y contenidos de pornograf\u00eda de menores de edad y p\u00e1ginas electr\u00f3nicas en las que se ofrezcan servicios sexuales con ni\u00f1os:<\/p>\n<p>MINISTERIO DE TECNOLOG\u00cdAS DE LA INFORMACI\u00d3N Y LAS COMUNICACIONES<\/p>\n<p>L\u00ednea Anticorrupci\u00f3n:\u00a0<a href=\"tel:018000912667\">01-800-0912667<\/a><br \/>\n<a href=\"https:\/\/www.mintic.gov.co\/portal\/inicio\/\">https:\/\/www.mintic.gov.co\/portal\/inicio\/<\/a><\/p>\n<p>FISCAL\u00cdA GENERAL DE LA NACI\u00d3N<br \/>\nL\u00ednea nacional gratuita (01 8000 9197 48)<br \/>\n<a href=\"https:\/\/www.fiscalia.gov.co\/colombia\/\">https:\/\/www.fiscalia.gov.co\/colombia\/<\/a><\/p>\n<p><a href=\"https:\/\/adenunciar.policia.gov.co\/adenunciar\/Login.aspx?ReturnUrl=%2fadenunciar%252\">https:\/\/adenunciar.policia.gov.co\/adenunciar\/Login.aspx?ReturnUrl=%2fadenunciar%2<\/a><\/p>\n<p>DIRECCI\u00d3N CENTRAL DE POLIC\u00cdA JUDICIAL \u2013 DIJIN<\/p>\n<p><a href=\"https:\/\/www.policia.gov.co\/especializados\/judicial\">https:\/\/www.policia.gov.co\/especializados\/judicial<\/a><br \/>\nGrupo Investigativo Delitos Inform\u00e1ticos<br \/>\nlunes a viernes de 08:00 a.m. \u2013 12:00 p.m. y 02:00 p.m. \u2013 05:00 p.m. Conmutador o PBX: (601) 5159000<\/p>\n<p>INSTITUTO COLOMBIANO DE BIENESTAR FAMILIAR<br \/>\nTel\u00e9fonos: 01 8000 918080 o PBX: +57 601 4377630<br \/>\nDisponible de lunes a viernes de 8:00 a.m. a 5:00 p.m.<br \/>\n<a href=\"https:\/\/www.icbf.gov.co\/\">https:\/\/www.icbf.gov.co<\/a><\/p>\n<p>TE PROTEJO\/L\u00cdNEA DE REPORTE<\/p>\n<p><a href=\"https:\/\/teprotejocolombia.org\/\">https:\/\/teprotejocolombia.org\/<\/a><\/p>\n<p>E-mail:\u00a0<a href=\"mailto:contactenos@teprotejo.org\">contactenos@teprotejo.org<\/a><\/p>\n<p>Adem\u00e1s, en las siguientes direcciones encontrar\u00e1n mecanismos de filtrado o control parental que puedan ser instalados en sus equipos:<\/p>\n<p><strong>INSTALACI\u00d3N DE SOFTWARE K-9<\/strong><\/p>\n<p><strong>INSTALACI\u00d3N DE WINDOWS LIVE PROTECTION INFANTIL<\/strong><\/p>\n<p><strong>Otras soluciones por las que puedes optar<\/strong><\/p>\n<p><a href=\"http:\/\/www.opendns.com\/\">http:\/\/www.opendns.com\/<\/a><\/p>\n<p><a href=\"http:\/\/dansguardian.org\/\">http:\/\/dansguardian.org\/<\/a><\/p>\n<p><a href=\"https:\/\/onlinefamily.norton.com\/\">https:\/\/onlinefamily.norton.com<\/a><\/p>\n<p><a href=\"http:\/\/www.qustodio.com\/\">http:\/\/www.qustodio.com\/<\/a><\/p>\n<p><strong>NORMAS<\/strong><\/p>\n<p>LEY 679 DE 2001 (agosto 3) Diario Oficial No. 44.509 del 4 de agosto de 2001por medio de la cual se expide un estatuto para prevenir y contrarrestar la explotaci\u00f3n, la pornograf\u00eda y el turismo sexual con menores, en desarrollo del art\u00edculo 44 de la Constituci\u00f3n.<br \/>\n<a href=\"https:\/\/www.funcionpublica.gov.co\/eva\/gestornormativo\/norma.php?i=18309\">https:\/\/www.funcionpublica.gov.co\/eva\/gestornormativo\/norma.php?i=18309<\/a><\/p>\n<p><strong>DECRETO N\u00daMERO 067 DE 2003 (enero 15)<\/strong><br \/>\nDiario Oficial 45. 066 17-01-2003 Ministerio de Tecnolog\u00edas de la Informaci\u00f3n y las Comunicaciones que el 24 de julio de 2002 se expidi\u00f3 el Decreto 1524 de 2002, el cual tiene por objeto reglamentar el art\u00edculo 5\u00b0 de la Ley 679 de 2001, con el fin de establecer las medidas t\u00e9cnicas y administrativas destinadas a prevenir el acceso de menores de edad a cualquier modalidad de informaci\u00f3n pornogr\u00e1fica contenida en Internet o en las distintas clases de redes inform\u00e1ticas a las cuales se tenga acceso mediante redes globales de informaci\u00f3n.<br \/>\n<a href=\"https:\/\/www.icbf.gov.co\/cargues\/avance\/docs\/decreto_0067_2003.htm\">https:\/\/www.icbf.gov.co\/cargues\/avance\/docs\/decreto_0067_2003.htm<\/a><\/p>\n<p><strong>DECRETO N\u00daMERO 1524 DE 2002<\/strong><br \/>\nPublicado el 31 de julio de 2002 MINISTERIO DE TECNOLOG\u00cdAS DE LA INFORMACI\u00d3N Y LAS COMUNICACIONES por el cual reglamenta el art\u00edculo 5\u00b0 de la Ley 679 de 2001, que de conformidad con lo dispuesto por el art\u00edculo 44 de la Constituci\u00f3n Pol\u00edtica, los ni\u00f1os ser\u00e1n protegidos contra toda forma de abandono, violencia f\u00edsica o moral, secuestro, venta, abuso sexual, explotaci\u00f3n laboral o econ\u00f3mica y trabajos riesgosos.<br \/>\n<a href=\"https:\/\/www.enticconfio.gov.co\/decreto-1524-de-2002#:~:text=El%20presente%20decreto%20tiene%20por,distintas%20clases%20de%20redes%20inform%C3%A1ticas\">https:\/\/www.enticconfio.gov.co\/decreto-1524-de-2002#:~:text=El%20presente%20decreto%20tiene%20por,distintas%20clases%20de%20redes%20inform%C3%A1ticas<\/a><\/p>\n","protected":false},"excerpt":{"rendered":"<p>Internet Sano es la campa\u00f1a del Ministerio de Tecnolog\u00edas de la Informaci\u00f3n y las Comunicaciones por medio de la cual se pretende generar opini\u00f3n y conocimiento en torno al tema de la explotaci\u00f3n infantil en Internet, destacando mensajes de prevenci\u00f3n, de denuncia, informativos e institucionales. Esta campa\u00f1a del Ministerio de Comunicaciones busca que todos los colombianos comprendan y asimilen lo que significa la prevenci\u00f3n de la pornograf\u00eda infantil y juvenil en Internet. Dentro de los desarrollos de esta campa\u00f1a y en cumplimiento de la\u00a0Ley 679 de 2001\u00a0y del\u00a0Decreto 1524 de 2004, TV Sanvi adopt\u00f3 el C\u00f3digo de Conducta para el manejo y aprovechamiento de redes globales de informaci\u00f3n y la protecci\u00f3n de los menores de edad contra la pornograf\u00eda infantil con el objetivo de prevenir la divulgaci\u00f3n de material de pornograf\u00eda infantil a trav\u00e9s de las redes y equipos de c\u00f3mputo bajo su directa administraci\u00f3n, con el fin de prevenir el acceso de menores de edad a cualquier tipo de material pornogr\u00e1fico, como herramienta para la lucha contra la pornograf\u00eda infantil. En los siguientes lugares de Internet se pueden realizar las denuncias relacionadas con sitios y contenidos de pornograf\u00eda de menores de edad y p\u00e1ginas electr\u00f3nicas en las que se ofrezcan servicios sexuales con ni\u00f1os: MINISTERIO DE TECNOLOG\u00cdAS DE LA INFORMACI\u00d3N Y LAS COMUNICACIONES L\u00ednea Anticorrupci\u00f3n:\u00a001-800-0912667 https:\/\/www.mintic.gov.co\/portal\/inicio\/ FISCAL\u00cdA GENERAL DE LA NACI\u00d3N L\u00ednea nacional gratuita (01 8000 9197 48) https:\/\/www.fiscalia.gov.co\/colombia\/ https:\/\/adenunciar.policia.gov.co\/adenunciar\/Login.aspx?ReturnUrl=%2fadenunciar%2 DIRECCI\u00d3N CENTRAL DE POLIC\u00cdA JUDICIAL \u2013 DIJIN https:\/\/www.policia.gov.co\/especializados\/judicial Grupo Investigativo Delitos Inform\u00e1ticos lunes a viernes de 08:00 a.m. \u2013 12:00 p.m. y 02:00 p.m. \u2013 05:00 p.m. Conmutador o PBX: (601) 5159000 INSTITUTO COLOMBIANO DE BIENESTAR FAMILIAR Tel\u00e9fonos: 01 8000 918080 o PBX: +57 601 4377630 Disponible de lunes a viernes de 8:00 a.m. a 5:00 p.m. https:\/\/www.icbf.gov.co TE PROTEJO\/L\u00cdNEA DE REPORTE https:\/\/teprotejocolombia.org\/ E-mail:\u00a0contactenos@teprotejo.org Adem\u00e1s, en las siguientes direcciones encontrar\u00e1n mecanismos de filtrado o control parental que puedan ser instalados en sus equipos: INSTALACI\u00d3N DE SOFTWARE K-9 INSTALACI\u00d3N DE WINDOWS LIVE PROTECTION INFANTIL Otras soluciones por las que puedes optar http:\/\/www.opendns.com\/ http:\/\/dansguardian.org\/ https:\/\/onlinefamily.norton.com http:\/\/www.qustodio.com\/ NORMAS LEY 679 DE 2001 (agosto 3) Diario Oficial No. 44.509 del 4 de agosto de 2001por medio de la cual se expide un estatuto para prevenir y contrarrestar la explotaci\u00f3n, la pornograf\u00eda y el turismo sexual con menores, en desarrollo del art\u00edculo 44 de la Constituci\u00f3n. https:\/\/www.funcionpublica.gov.co\/eva\/gestornormativo\/norma.php?i=18309 DECRETO N\u00daMERO 067 DE 2003 (enero 15) Diario Oficial 45. 066 17-01-2003 Ministerio de Tecnolog\u00edas de la Informaci\u00f3n y las Comunicaciones que el 24 de julio de 2002 se expidi\u00f3 el Decreto 1524 de 2002, el cual tiene por objeto reglamentar el art\u00edculo 5\u00b0 de la Ley 679 de 2001, con el fin de establecer las medidas t\u00e9cnicas y administrativas destinadas a prevenir el acceso de menores de edad a cualquier modalidad de informaci\u00f3n pornogr\u00e1fica contenida en Internet o en las distintas clases de redes inform\u00e1ticas a las cuales se tenga acceso mediante redes globales de informaci\u00f3n. https:\/\/www.icbf.gov.co\/cargues\/avance\/docs\/decreto_0067_2003.htm DECRETO N\u00daMERO 1524 DE 2002 Publicado el 31 de julio de 2002 MINISTERIO DE TECNOLOG\u00cdAS DE LA INFORMACI\u00d3N Y LAS COMUNICACIONES por el cual reglamenta el art\u00edculo 5\u00b0 de la Ley 679 de 2001, que de conformidad con lo dispuesto por el art\u00edculo 44 de la Constituci\u00f3n Pol\u00edtica, los ni\u00f1os ser\u00e1n protegidos contra toda forma de abandono, violencia f\u00edsica o moral, secuestro, venta, abuso sexual, explotaci\u00f3n laboral o econ\u00f3mica y trabajos riesgosos. https:\/\/www.enticconfio.gov.co\/decreto-1524-de-2002#:~:text=El%20presente%20decreto%20tiene%20por,distintas%20clases%20de%20redes%20inform%C3%A1ticas<\/p>\n","protected":false},"author":1,"featured_media":0,"parent":0,"menu_order":0,"comment_status":"closed","ping_status":"closed","template":"","meta":{"site-sidebar-layout":"default","site-content-layout":"","ast-site-content-layout":"default","site-content-style":"default","site-sidebar-style":"default","ast-global-header-display":"","ast-banner-title-visibility":"","ast-main-header-display":"","ast-hfb-above-header-display":"","ast-hfb-below-header-display":"","ast-hfb-mobile-header-display":"","site-post-title":"","ast-breadcrumbs-content":"","ast-featured-img":"","footer-sml-layout":"","theme-transparent-header-meta":"default","adv-header-id-meta":"","stick-header-meta":"","header-above-stick-meta":"","header-main-stick-meta":"","header-below-stick-meta":"","astra-migrate-meta-layouts":"set","ast-page-background-enabled":"default","ast-page-background-meta":{"desktop":{"background-color":"var(--ast-global-color-4)","background-image":"","background-repeat":"repeat","background-position":"center center","background-size":"auto","background-attachment":"scroll","background-type":"","background-media":"","overlay-type":"","overlay-color":"","overlay-gradient":""},"tablet":{"background-color":"","background-image":"","background-repeat":"repeat","background-position":"center center","background-size":"auto","background-attachment":"scroll","background-type":"","background-media":"","overlay-type":"","overlay-color":"","overlay-gradient":""},"mobile":{"background-color":"","background-image":"","background-repeat":"repeat","background-position":"center center","background-size":"auto","background-attachment":"scroll","background-type":"","background-media":"","overlay-type":"","overlay-color":"","overlay-gradient":""}},"ast-content-background-meta":{"desktop":{"background-color":"var(--ast-global-color-5)","background-image":"","background-repeat":"repeat","background-position":"center center","background-size":"auto","background-attachment":"scroll","background-type":"","background-media":"","overlay-type":"","overlay-color":"","overlay-gradient":""},"tablet":{"background-color":"var(--ast-global-color-5)","background-image":"","background-repeat":"repeat","background-position":"center center","background-size":"auto","background-attachment":"scroll","background-type":"","background-media":"","overlay-type":"","overlay-color":"","overlay-gradient":""},"mobile":{"background-color":"var(--ast-global-color-5)","background-image":"","background-repeat":"repeat","background-position":"center center","background-size":"auto","background-attachment":"scroll","background-type":"","background-media":"","overlay-type":"","overlay-color":"","overlay-gradient":""}},"footnotes":"","_links_to":"","_links_to_target":""},"yoast_head":"<!-- This site is optimized with the Yoast SEO plugin v23.0 - https:\/\/yoast.com\/wordpress\/plugins\/seo\/ -->\n<title>Internet Sano -<\/title>\n<meta name=\"description\" content=\"TV Sanvi adopt\u00f3 el C\u00f3digo de Conducta para el manejo y aprovechamiento de redes globales de informaci\u00f3n y la protecci\u00f3n de los menores de edad\" \/>\n<meta name=\"robots\" content=\"index, follow, max-snippet:-1, max-image-preview:large, max-video-preview:-1\" \/>\n<link rel=\"canonical\" href=\"https:\/\/tvsanvi.surflinksas.com\/index.php\/internet-sano\/\" \/>\n<meta property=\"og:locale\" content=\"es_ES\" \/>\n<meta property=\"og:type\" content=\"article\" \/>\n<meta property=\"og:title\" content=\"Internet Sano -\" \/>\n<meta property=\"og:description\" content=\"TV Sanvi adopt\u00f3 el C\u00f3digo de Conducta para el manejo y aprovechamiento de redes globales de informaci\u00f3n y la protecci\u00f3n de los menores de edad\" \/>\n<meta property=\"og:url\" content=\"https:\/\/tvsanvi.surflinksas.com\/index.php\/internet-sano\/\" \/>\n<meta name=\"twitter:card\" content=\"summary_large_image\" \/>\n<meta name=\"twitter:label1\" content=\"Tiempo de lectura\" \/>\n\t<meta name=\"twitter:data1\" content=\"3 minutos\" \/>\n<script type=\"application\/ld+json\" class=\"yoast-schema-graph\">{\"@context\":\"https:\/\/schema.org\",\"@graph\":[{\"@type\":\"WebPage\",\"@id\":\"https:\/\/tvsanvi.surflinksas.com\/index.php\/internet-sano\/\",\"url\":\"https:\/\/tvsanvi.surflinksas.com\/index.php\/internet-sano\/\",\"name\":\"Internet Sano -\",\"isPartOf\":{\"@id\":\"https:\/\/tvsanvi.surflinksas.com\/#website\"},\"datePublished\":\"2024-05-09T16:00:31+00:00\",\"dateModified\":\"2024-05-09T16:00:31+00:00\",\"description\":\"TV Sanvi adopt\u00f3 el C\u00f3digo de Conducta para el manejo y aprovechamiento de redes globales de informaci\u00f3n y la protecci\u00f3n de los menores de edad\",\"breadcrumb\":{\"@id\":\"https:\/\/tvsanvi.surflinksas.com\/index.php\/internet-sano\/#breadcrumb\"},\"inLanguage\":\"es\",\"potentialAction\":[{\"@type\":\"ReadAction\",\"target\":[\"https:\/\/tvsanvi.surflinksas.com\/index.php\/internet-sano\/\"]}]},{\"@type\":\"BreadcrumbList\",\"@id\":\"https:\/\/tvsanvi.surflinksas.com\/index.php\/internet-sano\/#breadcrumb\",\"itemListElement\":[{\"@type\":\"ListItem\",\"position\":1,\"name\":\"Portada\",\"item\":\"https:\/\/tvsanvi.surflinksas.com\/\"},{\"@type\":\"ListItem\",\"position\":2,\"name\":\"Internet Sano\"}]},{\"@type\":\"WebSite\",\"@id\":\"https:\/\/tvsanvi.surflinksas.com\/#website\",\"url\":\"https:\/\/tvsanvi.surflinksas.com\/\",\"name\":\"\",\"description\":\"\",\"potentialAction\":[{\"@type\":\"SearchAction\",\"target\":{\"@type\":\"EntryPoint\",\"urlTemplate\":\"https:\/\/tvsanvi.surflinksas.com\/?s={search_term_string}\"},\"query-input\":\"required name=search_term_string\"}],\"inLanguage\":\"es\"}]}<\/script>\n<!-- \/ Yoast SEO plugin. -->","yoast_head_json":{"title":"Internet Sano -","description":"TV Sanvi adopt\u00f3 el C\u00f3digo de Conducta para el manejo y aprovechamiento de redes globales de informaci\u00f3n y la protecci\u00f3n de los menores de edad","robots":{"index":"index","follow":"follow","max-snippet":"max-snippet:-1","max-image-preview":"max-image-preview:large","max-video-preview":"max-video-preview:-1"},"canonical":"https:\/\/tvsanvi.surflinksas.com\/index.php\/internet-sano\/","og_locale":"es_ES","og_type":"article","og_title":"Internet Sano -","og_description":"TV Sanvi adopt\u00f3 el C\u00f3digo de Conducta para el manejo y aprovechamiento de redes globales de informaci\u00f3n y la protecci\u00f3n de los menores de edad","og_url":"https:\/\/tvsanvi.surflinksas.com\/index.php\/internet-sano\/","twitter_card":"summary_large_image","twitter_misc":{"Tiempo de lectura":"3 minutos"},"schema":{"@context":"https:\/\/schema.org","@graph":[{"@type":"WebPage","@id":"https:\/\/tvsanvi.surflinksas.com\/index.php\/internet-sano\/","url":"https:\/\/tvsanvi.surflinksas.com\/index.php\/internet-sano\/","name":"Internet Sano -","isPartOf":{"@id":"https:\/\/tvsanvi.surflinksas.com\/#website"},"datePublished":"2024-05-09T16:00:31+00:00","dateModified":"2024-05-09T16:00:31+00:00","description":"TV Sanvi adopt\u00f3 el C\u00f3digo de Conducta para el manejo y aprovechamiento de redes globales de informaci\u00f3n y la protecci\u00f3n de los menores de edad","breadcrumb":{"@id":"https:\/\/tvsanvi.surflinksas.com\/index.php\/internet-sano\/#breadcrumb"},"inLanguage":"es","potentialAction":[{"@type":"ReadAction","target":["https:\/\/tvsanvi.surflinksas.com\/index.php\/internet-sano\/"]}]},{"@type":"BreadcrumbList","@id":"https:\/\/tvsanvi.surflinksas.com\/index.php\/internet-sano\/#breadcrumb","itemListElement":[{"@type":"ListItem","position":1,"name":"Portada","item":"https:\/\/tvsanvi.surflinksas.com\/"},{"@type":"ListItem","position":2,"name":"Internet Sano"}]},{"@type":"WebSite","@id":"https:\/\/tvsanvi.surflinksas.com\/#website","url":"https:\/\/tvsanvi.surflinksas.com\/","name":"","description":"","potentialAction":[{"@type":"SearchAction","target":{"@type":"EntryPoint","urlTemplate":"https:\/\/tvsanvi.surflinksas.com\/?s={search_term_string}"},"query-input":"required name=search_term_string"}],"inLanguage":"es"}]}},"jetpack_sharing_enabled":true,"_links":{"self":[{"href":"https:\/\/tvsanvi.surflinksas.com\/index.php\/wp-json\/wp\/v2\/pages\/113"}],"collection":[{"href":"https:\/\/tvsanvi.surflinksas.com\/index.php\/wp-json\/wp\/v2\/pages"}],"about":[{"href":"https:\/\/tvsanvi.surflinksas.com\/index.php\/wp-json\/wp\/v2\/types\/page"}],"author":[{"embeddable":true,"href":"https:\/\/tvsanvi.surflinksas.com\/index.php\/wp-json\/wp\/v2\/users\/1"}],"replies":[{"embeddable":true,"href":"https:\/\/tvsanvi.surflinksas.com\/index.php\/wp-json\/wp\/v2\/comments?post=113"}],"version-history":[{"count":1,"href":"https:\/\/tvsanvi.surflinksas.com\/index.php\/wp-json\/wp\/v2\/pages\/113\/revisions"}],"predecessor-version":[{"id":114,"href":"https:\/\/tvsanvi.surflinksas.com\/index.php\/wp-json\/wp\/v2\/pages\/113\/revisions\/114"}],"wp:attachment":[{"href":"https:\/\/tvsanvi.surflinksas.com\/index.php\/wp-json\/wp\/v2\/media?parent=113"}],"curies":[{"name":"wp","href":"https:\/\/api.w.org\/{rel}","templated":true}]}}